{"id":544,"date":"2024-09-18T22:43:35","date_gmt":"2024-09-18T20:43:35","guid":{"rendered":"https:\/\/kiditop.com\/?page_id=544"},"modified":"2024-10-08T10:55:44","modified_gmt":"2024-10-08T08:55:44","slug":"contact-us","status":"publish","type":"page","link":"https:\/\/kiditop.com\/en\/contact-us\/","title":{"rendered":"Contact"},"content":{"rendered":"\t\t<div data-elementor-type=\"wp-page\" data-elementor-id=\"544\" class=\"elementor elementor-544\" data-elementor-post-type=\"page\">\n\t\t\t\t<div class=\"elementor-element elementor-element-2964500 e-flex e-con-boxed e-con e-parent\" data-id=\"2964500\" data-element_type=\"container\">\n\t\t\t\t\t<div class=\"e-con-inner\">\n\t\t\t\t<div class=\"elementor-element elementor-element-0a8302c elementor-widget elementor-widget-heading\" data-id=\"0a8302c\" data-element_type=\"widget\" data-widget_type=\"heading.default\">\n\t\t\t\t<div class=\"elementor-widget-container\">\n\t\t\t\t\t<h1 class=\"elementor-heading-title elementor-size-default\">Nous contacter<\/h1>\t\t\t\t<\/div>\n\t\t\t\t<\/div>\n\t\t\t\t<div class=\"elementor-element elementor-element-9e2aa72 elementor-widget elementor-widget-text-editor\" data-id=\"9e2aa72\" data-element_type=\"widget\" data-widget_type=\"text-editor.default\">\n\t\t\t\t<div class=\"elementor-widget-container\">\n\t\t\t\t\t\t\t\t\t<p>Contactez-nous pour toute question, suivi des livraisons et demandes d&rsquo;informations.<\/p>\t\t\t\t\t\t\t\t<\/div>\n\t\t\t\t<\/div>\n\t\t\t\t\t<\/div>\n\t\t\t\t<\/div>\n\t\t<div class=\"elementor-element elementor-element-fef3704 e-flex e-con-boxed e-con e-parent\" data-id=\"fef3704\" data-element_type=\"container\">\n\t\t\t\t\t<div class=\"e-con-inner\">\n\t\t<div class=\"elementor-element elementor-element-98394f7 e-con-full e-flex e-con e-child\" data-id=\"98394f7\" data-element_type=\"container\">\n\t\t\t\t<div class=\"elementor-element elementor-element-ea08e89 elementor-widget elementor-widget-heading\" data-id=\"ea08e89\" data-element_type=\"widget\" data-widget_type=\"heading.default\">\n\t\t\t\t<div class=\"elementor-widget-container\">\n\t\t\t\t\t<h2 class=\"elementor-heading-title elementor-size-default\">\u00c0 votre \u00e9coute<\/h2>\t\t\t\t<\/div>\n\t\t\t\t<\/div>\n\t\t\t\t<div class=\"elementor-element elementor-element-5252915 elementor-widget elementor-widget-text-editor\" data-id=\"5252915\" data-element_type=\"widget\" data-widget_type=\"text-editor.default\">\n\t\t\t\t<div class=\"elementor-widget-container\">\n\t\t\t\t\t\t\t\t\t<p>Des questions, commentaires ou suggestions\u202f? Remplissez le formulaire et nous vous r\u00e9pondrons rapidement.<\/p>\t\t\t\t\t\t\t\t<\/div>\n\t\t\t\t<\/div>\n\t\t\t\t<div class=\"elementor-element elementor-element-dec7f17 elementor-mobile-align-center elementor-icon-list--layout-traditional elementor-list-item-link-full_width elementor-widget elementor-widget-icon-list\" data-id=\"dec7f17\" data-element_type=\"widget\" data-widget_type=\"icon-list.default\">\n\t\t\t\t<div class=\"elementor-widget-container\">\n\t\t\t\t\t\t\t<ul class=\"elementor-icon-list-items\">\n\t\t\t\t\t\t\t<li class=\"elementor-icon-list-item\">\n\t\t\t\t\t\t\t\t\t\t\t<a href=\"mailto:hello@kiditop.com\">\n\n\t\t\t\t\t\t\t\t\t\t\t\t<span class=\"elementor-icon-list-icon\">\n\t\t\t\t\t\t\t<svg xmlns=\"http:\/\/www.w3.org\/2000\/svg\" width=\"34\" height=\"39\" viewBox=\"0 0 34 39\" fill=\"none\"><path fill-rule=\"evenodd\" clip-rule=\"evenodd\" d=\"M3.43775 10.2436L3.6124 10.024C4.25253 9.27589 5.20616 8.90158 6.47244 8.90158H28.1737C29.3671 8.90158 30.2841 9.22709 30.9246 9.87761L30.9464 9.90201C31.0774 10.0323 31.2089 10.1865 31.3394 10.3656C31.3394 10.3822 31.3468 10.3983 31.3613 10.4144L31.3831 10.4388C31.8638 11.106 32.1036 12.0493 32.1036 13.2693V27.0802C32.0891 30.0083 30.7792 31.4723 28.1737 31.4723H6.47244C3.86697 31.4562 2.56445 29.9922 2.56445 27.0802V13.2693C2.56445 11.9517 2.8557 10.943 3.43775 10.2436ZM28.8942 11.2929C28.6759 11.228 28.4357 11.2031 28.1742 11.2197H6.47244C6.31219 11.2036 6.15936 11.2114 6.01396 11.2441L17.2576 23.9813L28.8942 11.2929ZM4.63852 13.0009C4.62411 13.0824 4.62411 13.1717 4.63852 13.2693V27.0802C4.63852 28.4632 5.24983 29.1543 6.47244 29.1543H28.1737C29.4108 29.1543 30.0295 28.4632 30.0295 27.0802V13.2937L17.9781 26.4458C17.7597 26.6737 17.5126 26.7874 17.2362 26.7874C16.945 26.7713 16.6974 26.6571 16.4939 26.4458L4.63852 13.0009Z\" fill=\"#257E69\"><\/path><path fill-rule=\"evenodd\" clip-rule=\"evenodd\" d=\"M3.43652 10.2423C3.46578 10.1935 3.50202 10.1447 3.54568 10.0959C3.56053 10.0632 3.58192 10.0388 3.61118 10.0227L3.43652 10.2423Z\" fill=\"#257E69\"><\/path><\/svg>\t\t\t\t\t\t<\/span>\n\t\t\t\t\t\t\t\t\t\t<span class=\"elementor-icon-list-text\">hello@kiditop.com<\/span>\n\t\t\t\t\t\t\t\t\t\t\t<\/a>\n\t\t\t\t\t\t\t\t\t<\/li>\n\t\t\t\t\t\t<\/ul>\n\t\t\t\t\t\t<\/div>\n\t\t\t\t<\/div>\n\t\t\t\t<div class=\"elementor-element elementor-element-589acf8 elementor-hidden-mobile elementor-widget elementor-widget-image\" data-id=\"589acf8\" data-element_type=\"widget\" data-widget_type=\"image.default\">\n\t\t\t\t<div class=\"elementor-widget-container\">\n\t\t\t\t\t\t\t\t\t\t\t\t\t\t\t<img fetchpriority=\"high\" decoding=\"async\" width=\"800\" height=\"427\" src=\"https:\/\/kiditop.com\/wp-content\/uploads\/2024\/09\/Kiditop-Contact-1024x547.png\" class=\"attachment-large size-large wp-image-1455\" alt=\"Prendre contact avec la soci\u00e9t\u00e9 Kiditop, Conception et fabrication de jouets de construction pour enfants en bois\" srcset=\"https:\/\/kiditop.com\/wp-content\/uploads\/2024\/09\/Kiditop-Contact-1024x547.png 1024w, https:\/\/kiditop.com\/wp-content\/uploads\/2024\/09\/Kiditop-Contact-300x160.png 300w, https:\/\/kiditop.com\/wp-content\/uploads\/2024\/09\/Kiditop-Contact-768x411.png 768w, https:\/\/kiditop.com\/wp-content\/uploads\/2024\/09\/Kiditop-Contact-1536x821.png 1536w, https:\/\/kiditop.com\/wp-content\/uploads\/2024\/09\/Kiditop-Contact-2048x1095.png 2048w, https:\/\/kiditop.com\/wp-content\/uploads\/2024\/09\/Kiditop-Contact-18x10.png 18w, https:\/\/kiditop.com\/wp-content\/uploads\/2024\/09\/Kiditop-Contact-600x321.png 600w\" sizes=\"(max-width: 800px) 100vw, 800px\" \/>\t\t\t\t\t\t\t\t\t\t\t\t\t\t\t<\/div>\n\t\t\t\t<\/div>\n\t\t\t\t<\/div>\n\t\t<div class=\"elementor-element elementor-element-f281b92 e-con-full e-flex elementor-invisible e-con e-child\" data-id=\"f281b92\" data-element_type=\"container\" data-settings=\"{&quot;background_background&quot;:&quot;classic&quot;,&quot;animation&quot;:&quot;fadeInRight&quot;}\">\n\t\t\t\t<div class=\"elementor-element elementor-element-d6d8099 elementor-widget elementor-widget-wpforms\" data-id=\"d6d8099\" data-element_type=\"widget\" data-widget_type=\"wpforms.default\">\n\t\t\t\t<div class=\"elementor-widget-container\">\n\t\t\t\t\t<style id=\"wpforms-css-vars-elementor-widget-d6d8099\">\n\t\t\t\t.elementor-widget-wpforms.elementor-element-d6d8099 {\n\t\t\t\t--wpforms-button-border-radius: 10px;\n--wpforms-button-background-color: #1A452D;\n\n\t\t\t}\n\t\t\t<\/style><div class=\"wpforms-container wpforms-container-full wpforms-render-modern\" id=\"wpforms-605\"><form id=\"wpforms-form-605\" class=\"wpforms-validate wpforms-form wpforms-ajax-form\" data-formid=\"605\" method=\"post\" enctype=\"multipart\/form-data\" action=\"\/en\/wp-json\/wp\/v2\/pages\/544\" data-token=\"15897b71cc30598cb938d3b2cc89d4a9\" data-token-time=\"1777395149\"><noscript class=\"wpforms-error-noscript\">Please enable JavaScript in your browser to complete this form.<\/noscript><div id=\"wpforms-error-noscript\" style=\"display: none;\">Please enable JavaScript in your browser to complete this form.<\/div><div class=\"wpforms-field-container\"><div id=\"wpforms-605-field_3-container\" class=\"wpforms-field wpforms-field-layout\" data-field-id=\"3\"><div class=\"wpforms-field-layout-rows wpforms-field-large\"><div class=\"wpforms-layout-row\"><div class=\"wpforms-layout-column wpforms-layout-column-50\"><div id=\"wpforms-605-field_4-container\" class=\"wpforms-field wpforms-field-text\" data-field-id=\"4\"><label class=\"wpforms-field-label\" for=\"wpforms-605-field_4\">Pr\u00e9nom <span class=\"wpforms-required-label\" aria-hidden=\"true\">*<\/span><\/label><input type=\"text\" id=\"wpforms-605-field_4\" class=\"wpforms-field-medium wpforms-field-required\" name=\"wpforms[fields][4]\" placeholder=\"Votre pr\u00e9nom\" aria-errormessage=\"wpforms-605-field_4-error\" required><\/div><\/div><div class=\"wpforms-layout-column wpforms-layout-column-50\"><div id=\"wpforms-605-field_5-container\" class=\"wpforms-field wpforms-field-text\" data-field-id=\"5\"><label class=\"wpforms-field-label\" for=\"wpforms-605-field_5\">Nom <span class=\"wpforms-required-label\" aria-hidden=\"true\">*<\/span><\/label><input type=\"text\" id=\"wpforms-605-field_5\" class=\"wpforms-field-medium wpforms-field-required\" name=\"wpforms[fields][5]\" placeholder=\"Votre nom\" aria-errormessage=\"wpforms-605-field_5-error\" required><\/div><\/div><\/div><\/div><\/div><div id=\"wpforms-605-field_6-container\" class=\"wpforms-field wpforms-field-email\" data-field-id=\"6\"><label class=\"wpforms-field-label\" for=\"wpforms-605-field_6\">E-mail <span class=\"wpforms-required-label\" aria-hidden=\"true\">*<\/span><\/label><input type=\"email\" id=\"wpforms-605-field_6\" class=\"wpforms-field-large wpforms-field-required\" name=\"wpforms[fields][6]\" placeholder=\"votre-adresse-mail@fournisseur.fr\" spellcheck=\"false\" aria-errormessage=\"wpforms-605-field_6-error\" required><\/div><div id=\"wpforms-605-field_7-container\" class=\"wpforms-field wpforms-field-number\" data-field-id=\"7\"><label class=\"wpforms-field-label\" for=\"wpforms-605-field_7\">Num\u00e9ro de t\u00e9l\u00e9phone<\/label><input type=\"number\" id=\"wpforms-605-field_7\" class=\"wpforms-field-large\" name=\"wpforms[fields][7]\" placeholder=\"+33 6 XX XX XX XX\" step=\"any\" aria-errormessage=\"wpforms-605-field_7-error\" ><\/div>\t\t<div id=\"wpforms-605-field_1-container\"\n\t\t\tclass=\"wpforms-field wpforms-field-text\"\n\t\t\tdata-field-type=\"text\"\n\t\t\tdata-field-id=\"1\"\n\t\t\t>\n\t\t\t<label class=\"wpforms-field-label\" for=\"wpforms-605-field_1\" >page en E-mail<\/label>\n\t\t\t<input type=\"text\" id=\"wpforms-605-field_1\" class=\"wpforms-field-medium\" name=\"wpforms[fields][1]\" >\n\t\t<\/div>\n\t\t<div id=\"wpforms-605-field_8-container\" class=\"wpforms-field wpforms-field-textarea\" data-field-id=\"8\"><label class=\"wpforms-field-label\" for=\"wpforms-605-field_8\">Votre message <span class=\"wpforms-required-label\" aria-hidden=\"true\">*<\/span><\/label><textarea id=\"wpforms-605-field_8\" class=\"wpforms-field-medium wpforms-field-required\" name=\"wpforms[fields][8]\" placeholder=\"R\u00e9digez votre message ici...\" aria-errormessage=\"wpforms-605-field_8-error\" required><\/textarea><\/div><script>\n\t\t\t\t( function() {\n\t\t\t\t\tconst style = document.createElement( 'style' );\n\t\t\t\t\tstyle.appendChild( document.createTextNode( '#wpforms-605-field_1-container { position: absolute !important; overflow: hidden !important; display: inline !important; height: 1px !important; width: 1px !important; z-index: -1000 !important; padding: 0 !important; } #wpforms-605-field_1-container input { visibility: hidden; } #wpforms-conversational-form-page #wpforms-605-field_1-container label { counter-increment: none; }' ) );\n\t\t\t\t\tdocument.head.appendChild( style );\n\t\t\t\t\tdocument.currentScript?.remove();\n\t\t\t\t} )();\n\t\t\t<\/script><\/div><!-- .wpforms-field-container --><div class=\"wpforms-recaptcha-container wpforms-is-recaptcha wpforms-is-recaptcha-type-v3\" ><input type=\"hidden\" name=\"wpforms[recaptcha]\" value=\"\"><\/div><div class=\"wpforms-submit-container\" ><input type=\"hidden\" name=\"wpforms[id]\" value=\"605\"><input type=\"hidden\" name=\"page_title\" value=\"\"><input type=\"hidden\" name=\"page_url\" value=\"https:\/\/kiditop.com\/en\/wp-json\/wp\/v2\/pages\/544\"><input type=\"hidden\" name=\"url_referer\" value=\"\"><button type=\"submit\" name=\"wpforms[submit]\" id=\"wpforms-submit-605\" class=\"wpforms-submit\" data-alt-text=\"Envoi...\" data-submit-text=\"Envoyer le message\" aria-live=\"assertive\" value=\"wpforms-submit\">Envoyer le message<\/button><img decoding=\"async\" src=\"https:\/\/kiditop.com\/wp-content\/plugins\/wpforms\/assets\/images\/submit-spin.svg\" class=\"wpforms-submit-spinner\" style=\"display: none;\" width=\"26\" height=\"26\" alt=\"Loading\"><\/div><\/form><\/div>  <!-- .wpforms-container -->\t\t\t\t<\/div>\n\t\t\t\t<\/div>\n\t\t\t\t<\/div>\n\t\t\t\t\t<\/div>\n\t\t\t\t<\/div>\n\t\t<div class=\"elementor-element elementor-element-0b38c5c e-flex e-con-boxed e-con e-parent\" data-id=\"0b38c5c\" data-element_type=\"container\">\n\t\t\t\t\t<div class=\"e-con-inner\">\n\t\t\t\t<div class=\"elementor-element elementor-element-d25e763 elementor-widget elementor-widget-spacer\" data-id=\"d25e763\" data-element_type=\"widget\" data-widget_type=\"spacer.default\">\n\t\t\t\t<div class=\"elementor-widget-container\">\n\t\t\t\t\t\t\t<div class=\"elementor-spacer\">\n\t\t\t<div class=\"elementor-spacer-inner\"><\/div>\n\t\t<\/div>\n\t\t\t\t\t\t<\/div>\n\t\t\t\t<\/div>\n\t\t\t\t<div class=\"elementor-element elementor-element-523ea14 elementor-hidden-desktop elementor-hidden-tablet elementor-widget elementor-widget-image\" data-id=\"523ea14\" data-element_type=\"widget\" data-widget_type=\"image.default\">\n\t\t\t\t<div class=\"elementor-widget-container\">\n\t\t\t\t\t\t\t\t\t\t\t\t\t\t\t<img fetchpriority=\"high\" decoding=\"async\" width=\"800\" height=\"427\" src=\"https:\/\/kiditop.com\/wp-content\/uploads\/2024\/09\/Kiditop-Contact-1024x547.png\" class=\"attachment-large size-large wp-image-1455\" alt=\"Prendre contact avec la soci\u00e9t\u00e9 Kiditop, Conception et fabrication de jouets de construction pour enfants en bois\" srcset=\"https:\/\/kiditop.com\/wp-content\/uploads\/2024\/09\/Kiditop-Contact-1024x547.png 1024w, https:\/\/kiditop.com\/wp-content\/uploads\/2024\/09\/Kiditop-Contact-300x160.png 300w, https:\/\/kiditop.com\/wp-content\/uploads\/2024\/09\/Kiditop-Contact-768x411.png 768w, https:\/\/kiditop.com\/wp-content\/uploads\/2024\/09\/Kiditop-Contact-1536x821.png 1536w, https:\/\/kiditop.com\/wp-content\/uploads\/2024\/09\/Kiditop-Contact-2048x1095.png 2048w, https:\/\/kiditop.com\/wp-content\/uploads\/2024\/09\/Kiditop-Contact-18x10.png 18w, https:\/\/kiditop.com\/wp-content\/uploads\/2024\/09\/Kiditop-Contact-600x321.png 600w\" sizes=\"(max-width: 800px) 100vw, 800px\" \/>\t\t\t\t\t\t\t\t\t\t\t\t\t\t\t<\/div>\n\t\t\t\t<\/div>\n\t\t\t\t\t<\/div>\n\t\t\t\t<\/div>\n\t\t\t\t<\/div>\n\t\t","protected":false},"excerpt":{"rendered":"<p>Nous contacter Contactez-nous pour toute question, suivi des livraisons et demandes d&rsquo;informations. \u00c0 votre \u00e9coute Des questions, commentaires ou suggestions\u202f? Remplissez le formulaire et nous vous r\u00e9pondrons rapidement. hello@kiditop.com Veuillez activer JavaScript dans votre navigateur pour remplir ce formulaire.Veuillez activer JavaScript dans votre navigateur pour remplir ce formulaire.Pr\u00e9nom *Nom *E-mail *Num\u00e9ro de t\u00e9l\u00e9phoneVotre message * [&hellip;]<\/p>\n","protected":false},"author":1,"featured_media":2301,"parent":0,"menu_order":0,"comment_status":"closed","ping_status":"closed","template":"elementor_header_footer","meta":{"footnotes":""},"class_list":["post-544","page","type-page","status-publish","has-post-thumbnail","hentry"],"_links":{"self":[{"href":"https:\/\/kiditop.com\/en\/wp-json\/wp\/v2\/pages\/544","targetHints":{"allow":["GET"]}}],"collection":[{"href":"https:\/\/kiditop.com\/en\/wp-json\/wp\/v2\/pages"}],"about":[{"href":"https:\/\/kiditop.com\/en\/wp-json\/wp\/v2\/types\/page"}],"author":[{"embeddable":true,"href":"https:\/\/kiditop.com\/en\/wp-json\/wp\/v2\/users\/1"}],"replies":[{"embeddable":true,"href":"https:\/\/kiditop.com\/en\/wp-json\/wp\/v2\/comments?post=544"}],"version-history":[{"count":0,"href":"https:\/\/kiditop.com\/en\/wp-json\/wp\/v2\/pages\/544\/revisions"}],"wp:featuredmedia":[{"embeddable":true,"href":"https:\/\/kiditop.com\/en\/wp-json\/wp\/v2\/media\/2301"}],"wp:attachment":[{"href":"https:\/\/kiditop.com\/en\/wp-json\/wp\/v2\/media?parent=544"}],"curies":[{"name":"wp","href":"https:\/\/api.w.org\/{rel}","templated":true}]}}