{"id":17,"date":"2024-09-13T13:22:19","date_gmt":"2024-09-13T13:22:19","guid":{"rendered":"https:\/\/kiditop.com\/panier\/"},"modified":"2024-09-30T21:41:47","modified_gmt":"2024-09-30T19:41:47","slug":"basket","status":"publish","type":"page","link":"https:\/\/kiditop.com\/en\/basket\/","title":{"rendered":"Basket"},"content":{"rendered":"<div data-elementor-type=\"wp-page\" data-elementor-id=\"17\" class=\"elementor elementor-17\" data-elementor-post-type=\"page\">\n\t\t\t\t<div class=\"elementor-element elementor-element-58799fc e-flex e-con-boxed e-con e-parent\" data-id=\"58799fc\" data-element_type=\"container\">\n\t\t\t\t\t<div class=\"e-con-inner\">\n\t\t\t\t<div class=\"elementor-element elementor-element-90bf854 elementor-widget elementor-widget-heading\" data-id=\"90bf854\" data-element_type=\"widget\" data-widget_type=\"heading.default\">\n\t\t\t\t<div class=\"elementor-widget-container\">\n\t\t\t\t\t<h1 class=\"elementor-heading-title elementor-size-default\">Basket<\/h1>\t\t\t\t<\/div>\n\t\t\t\t<\/div>\n\t\t\t\t<div class=\"elementor-element elementor-element-6c19ff4 elementor-widget elementor-widget-text-editor\" data-id=\"6c19ff4\" data-element_type=\"widget\" data-widget_type=\"text-editor.default\">\n\t\t\t\t<div class=\"elementor-widget-container\">\n\t\t\t\t\t\t\t\t\t\n<p>Your basket contains all the items you have selected. Check your order, adjust the quantities and complete your purchase in just a few clicks.<\/p>\n\n<blockquote class=\"wp-block-quote is-layout-flow wp-block-quote-is-layout-flow\"><\/blockquote>\n\t\t\t\t\t\t\t\t<\/div>\n\t\t\t\t<\/div>\n\t\t\t\t<div class=\"elementor-element elementor-element-bb64d42 elementor-widget elementor-widget-wp-social-ninja-reviews-widget\" data-id=\"bb64d42\" data-element_type=\"widget\" data-widget_type=\"wp-social-ninja-reviews-widget.default\">\n\t\t\t\t<div class=\"elementor-widget-container\">\n\t\t\t\t\t<div id='wpsr-reviews-slider-1531' class='wpsr-reviews-1531  wpsr-reviews-wrapper wpsr-feed-wrap wpsr_content  wpsr-reviews-slider-wrapper   wpsr-reviews-template-grid1 wpsr-reviews-layout-slider' data-column='4' data-platforms='custom' data-slider_settings='{&quot;autoplay&quot;:&quot;true&quot;,&quot;autoplay_speed&quot;:3000,&quot;slides_to_show&quot;:3,&quot;spaceBetween&quot;:20,&quot;responsive_slides_to_show&quot;:{&quot;desktop&quot;:3,&quot;tablet&quot;:2,&quot;mobile&quot;:1},&quot;slides_to_scroll&quot;:3,&quot;responsive_slides_to_scroll&quot;:{&quot;desktop&quot;:3,&quot;tablet&quot;:2,&quot;mobile&quot;:1},&quot;navigation&quot;:&quot;dot&quot;}'><div class=\"wpsr-container\" style=\"\" ><script type=\"application\/ld+json\">{\n    \"@context\": \"https:\\\/\\\/schema.org\\\/\",\n    \"@type\": \"AggregateRating\",\n    \"itemReviewed\": {\n        \"@type\": \"LocalBusiness\",\n        \"image\": \"https:\\\/\\\/kiditop.com\\\/wp-content\\\/uploads\\\/2024\\\/09\\\/cropped-Logo-Kiditop.png\",\n        \"name\": \"Kiditop\",\n        \"telephone\": \"+33 9 52 39 52 95\"\n    },\n    \"ratingValue\": \"4.8\",\n    \"bestRating\": \"5\",\n    \"ratingCount\": 392\n}<\/script><div class=\"wpsr-reviews-slider-wrapper-inner\"><div class=\"wpsr-reviews-slider swiper-container wpsr-ai-summary-enabled-slider\" tabindex=\"0\"><div class=\"swiper-wrapper\"><div class=\"swiper-slide\" role=\"group\">\n            <div class=\"wpsr-review-template wpsr-review-template-one wpsr-review-template-custom\"\n                 style=\"\"\n                 data-index=\"0\"\n                 data-source_id=\"\"\n                 data-media_id=\"\"\n                 data-review_platform=\"custom\"\n                 data-product_thumbnail=\"\"\n                 data-product_name=\"\"\n                 data-image_resize=\"full\"\n            >\n                <div class=\"wpsr-reviewer-image\">\n    <span class=\"wpsr-reviewer-image-url\"   >\n                                    <img decoding=\"async\" class=\"wpsr-reviewer-avatar\" src=\"https:\/\/kiditop.com\/wp-content\/uploads\/2024\/09\/Personnage-Kiditop.png\" alt=\"Marie\"\/>\n                        <\/span>\n<\/div>                                        <div class=\"wpsr-review-info\">\n                        <span class=\"wpsr-reviewer-name-url\"   >\n    <span class=\"wpsr-reviewer-name\">Marie<\/span>\n    <\/span><div data-rating=\"5\" class=\"wpsr-rating-wrapper wpsr-rating\">\n    \n            <div class=\"wpsr-star-container wpsr-star-background-filled\" style=\"--wpsr-review-star-fill: 100%;\">\n                    <div class=\"wpsr-star-empty\"><\/div>\n                    <div class=\"wpsr-star-filled\"><\/div>\n                <\/div><div class=\"wpsr-star-container wpsr-star-background-filled\" style=\"--wpsr-review-star-fill: 100%;\">\n                    <div class=\"wpsr-star-empty\"><\/div>\n                    <div class=\"wpsr-star-filled\"><\/div>\n                <\/div><div class=\"wpsr-star-container wpsr-star-background-filled\" style=\"--wpsr-review-star-fill: 100%;\">\n                    <div class=\"wpsr-star-empty\"><\/div>\n                    <div class=\"wpsr-star-filled\"><\/div>\n                <\/div><div class=\"wpsr-star-container wpsr-star-background-filled\" style=\"--wpsr-review-star-fill: 100%;\">\n                    <div class=\"wpsr-star-empty\"><\/div>\n                    <div class=\"wpsr-star-filled\"><\/div>\n                <\/div><div class=\"wpsr-star-container wpsr-star-background-filled\" style=\"--wpsr-review-star-fill: 100%;\">\n                    <div class=\"wpsr-star-empty\"><\/div>\n                    <div class=\"wpsr-star-filled\"><\/div>\n                <\/div>    \n    \n    \n    \n    <\/div><span data-time=\"2 years ago\" class=\"wpsr-review-date\">\n     13\/09\/2024<\/span>                    <\/div>\n                <div class=\"wpsr-review-content\" tabindex=\"0\">\n            <p class=\"wpsr-review-full-content\">We discovered Kidi Top a few months ago, and it has quickly become my children's favorite game. They can spend hours building all kinds of structures, and I love seeing them collaborate while having fun. What I particularly like is that the game evolves with them. My youngest is learning to recognize shapes and stack pieces, while my eldest is starting to create quite complex 3D constructions.<\/p>\n    <\/div>            <\/div>\n\n        <\/div><div class=\"swiper-slide\" role=\"group\">\n            <div class=\"wpsr-review-template wpsr-review-template-one wpsr-review-template-custom\"\n                 style=\"\"\n                 data-index=\"1\"\n                 data-source_id=\"\"\n                 data-media_id=\"\"\n                 data-review_platform=\"custom\"\n                 data-product_thumbnail=\"\"\n                 data-product_name=\"\"\n                 data-image_resize=\"full\"\n            >\n                <div class=\"wpsr-reviewer-image\">\n    <span class=\"wpsr-reviewer-image-url\"   >\n                                    <img decoding=\"async\" class=\"wpsr-reviewer-avatar\" src=\"https:\/\/kiditop.com\/wp-content\/uploads\/2024\/09\/Personnage-Kiditop.png\" alt=\"Thomas\"\/>\n                        <\/span>\n<\/div>                                        <div class=\"wpsr-review-info\">\n                        <span class=\"wpsr-reviewer-name-url\"   >\n    <span class=\"wpsr-reviewer-name\">Thomas<\/span>\n    <\/span><div data-rating=\"5\" class=\"wpsr-rating-wrapper wpsr-rating\">\n    \n            <div class=\"wpsr-star-container wpsr-star-background-filled\" style=\"--wpsr-review-star-fill: 100%;\">\n                    <div class=\"wpsr-star-empty\"><\/div>\n                    <div class=\"wpsr-star-filled\"><\/div>\n                <\/div><div class=\"wpsr-star-container wpsr-star-background-filled\" style=\"--wpsr-review-star-fill: 100%;\">\n                    <div class=\"wpsr-star-empty\"><\/div>\n                    <div class=\"wpsr-star-filled\"><\/div>\n                <\/div><div class=\"wpsr-star-container wpsr-star-background-filled\" style=\"--wpsr-review-star-fill: 100%;\">\n                    <div class=\"wpsr-star-empty\"><\/div>\n                    <div class=\"wpsr-star-filled\"><\/div>\n                <\/div><div class=\"wpsr-star-container wpsr-star-background-filled\" style=\"--wpsr-review-star-fill: 100%;\">\n                    <div class=\"wpsr-star-empty\"><\/div>\n                    <div class=\"wpsr-star-filled\"><\/div>\n                <\/div><div class=\"wpsr-star-container wpsr-star-background-filled\" style=\"--wpsr-review-star-fill: 100%;\">\n                    <div class=\"wpsr-star-empty\"><\/div>\n                    <div class=\"wpsr-star-filled\"><\/div>\n                <\/div>    \n    \n    \n    \n    <\/div><span data-time=\"2 years ago\" class=\"wpsr-review-date\">\n     07\/09\/2024<\/span>                    <\/div>\n                <div class=\"wpsr-review-content\" tabindex=\"0\">\n            <p class=\"wpsr-review-full-content\">I was looking for a fun and stimulating game for my classroom, and Kidi Top proved to be an excellent choice. The children love manipulating the pieces, and it helps them develop their fine motor skills while encouraging their imagination. I also like the ecological dimension of the product, which is a real plus these days. We use Kidi Top for small-group activities, and it works very well for learning concentration and teamwork. A very good teaching tool that I recommend.<\/p>\n    <\/div>            <\/div>\n\n        <\/div><div class=\"swiper-slide\" role=\"group\">\n            <div class=\"wpsr-review-template wpsr-review-template-one wpsr-review-template-custom\"\n                 style=\"\"\n                 data-index=\"2\"\n                 data-source_id=\"\"\n                 data-media_id=\"\"\n                 data-review_platform=\"custom\"\n                 data-product_thumbnail=\"\"\n                 data-product_name=\"\"\n                 data-image_resize=\"full\"\n            >\n                <div class=\"wpsr-reviewer-image\">\n    <span class=\"wpsr-reviewer-image-url\"   >\n                                    <img decoding=\"async\" class=\"wpsr-reviewer-avatar\" src=\"https:\/\/kiditop.com\/wp-content\/uploads\/2024\/09\/Personnage-Kiditop.png\" alt=\"Claire\"\/>\n                        <\/span>\n<\/div>                                        <div class=\"wpsr-review-info\">\n                        <span class=\"wpsr-reviewer-name-url\"   >\n    <span class=\"wpsr-reviewer-name\">Claire<\/span>\n    <\/span><div data-rating=\"4\" class=\"wpsr-rating-wrapper wpsr-rating\">\n    \n            <div class=\"wpsr-star-container wpsr-star-background-filled\" style=\"--wpsr-review-star-fill: 100%;\">\n                    <div class=\"wpsr-star-empty\"><\/div>\n                    <div class=\"wpsr-star-filled\"><\/div>\n                <\/div><div class=\"wpsr-star-container wpsr-star-background-filled\" style=\"--wpsr-review-star-fill: 100%;\">\n                    <div class=\"wpsr-star-empty\"><\/div>\n                    <div class=\"wpsr-star-filled\"><\/div>\n                <\/div><div class=\"wpsr-star-container wpsr-star-background-filled\" style=\"--wpsr-review-star-fill: 100%;\">\n                    <div class=\"wpsr-star-empty\"><\/div>\n                    <div class=\"wpsr-star-filled\"><\/div>\n                <\/div><div class=\"wpsr-star-container wpsr-star-background-filled\" style=\"--wpsr-review-star-fill: 100%;\">\n                    <div class=\"wpsr-star-empty\"><\/div>\n                    <div class=\"wpsr-star-filled\"><\/div>\n                <\/div><div class=\"wpsr-star-container wpsr-star-background-empty\" style=\"--wpsr-review-star-fill: 0%;\">\n                    <div class=\"wpsr-star-empty\"><\/div>\n                    <div class=\"wpsr-star-filled\"><\/div>\n                <\/div>    \n    \n    \n    \n    <\/div><span data-time=\"2 years ago\" class=\"wpsr-review-date\">\n     29\/08\/2024<\/span>                    <\/div>\n                <div class=\"wpsr-review-content\" tabindex=\"0\">\n            <p class=\"wpsr-review-full-content\">KidiTop is a favorite at home! This game combines both the creative and educational aspects I'm looking for in my children. What I particularly like is its durability and the quality of its materials, which are plastic-free and locally manufactured. Children develop their motor skills without even realizing it, and spend hours inventing new constructions. It's a simple game that leaves plenty of room for imagination, and it's rare to find such well-thought-out toys today.<\/p>\n    <\/div>            <\/div>\n\n        <\/div><\/div><\/div><div class=\"wpsr-swiper-carousel-wrapper\"><div class=\"wpsr-swiper-pagination swiper-pagination\"><\/div><\/div><\/div><\/div><\/div>\t\t\t\t<\/div>\n\t\t\t\t<\/div>\n\t\t\t\t\t<\/div>\n\t\t\t\t<\/div>\n\t\t\t\t<\/div>","protected":false},"excerpt":{"rendered":"<p>Panier Votre panier contient tous les articles que vous avez s\u00e9lectionn\u00e9s. V\u00e9rifiez votre commande, ajustez les quantit\u00e9s et finalisez votre achat en quelques clics. Supprimer l\u2019\u00e9l\u00e9ment Miniature Produit Prix Quantit\u00e9 Sous-total &times; Mammouth 289.00&nbsp;&euro; quantit\u00e9 de Mammouth 289.00&nbsp;&euro; V\u00e9rifier code promo D\u00e9tails de la facture Sous-total 289.00&nbsp;&euro; Exp\u00e9dition Livraison Domicile Offerte Livraison \u00e0 373 rue [&hellip;]<\/p>\n","protected":false},"author":1,"featured_media":0,"parent":0,"menu_order":0,"comment_status":"closed","ping_status":"closed","template":"elementor_header_footer","meta":{"footnotes":""},"class_list":["post-17","page","type-page","status-publish","hentry"],"_links":{"self":[{"href":"https:\/\/kiditop.com\/en\/wp-json\/wp\/v2\/pages\/17","targetHints":{"allow":["GET"]}}],"collection":[{"href":"https:\/\/kiditop.com\/en\/wp-json\/wp\/v2\/pages"}],"about":[{"href":"https:\/\/kiditop.com\/en\/wp-json\/wp\/v2\/types\/page"}],"author":[{"embeddable":true,"href":"https:\/\/kiditop.com\/en\/wp-json\/wp\/v2\/users\/1"}],"replies":[{"embeddable":true,"href":"https:\/\/kiditop.com\/en\/wp-json\/wp\/v2\/comments?post=17"}],"version-history":[{"count":0,"href":"https:\/\/kiditop.com\/en\/wp-json\/wp\/v2\/pages\/17\/revisions"}],"wp:attachment":[{"href":"https:\/\/kiditop.com\/en\/wp-json\/wp\/v2\/media?parent=17"}],"curies":[{"name":"wp","href":"https:\/\/api.w.org\/{rel}","templated":true}]}}